{"id":17,"date":"2020-08-05T10:24:44","date_gmt":"2020-08-05T08:24:44","guid":{"rendered":"https:\/\/themes.muffingroup.com\/be\/records2_el\/?page_id=17"},"modified":"2021-01-27T23:23:21","modified_gmt":"2021-01-27T21:23:21","slug":"contact","status":"publish","type":"page","link":"https:\/\/chocohause.ro\/hu\/contact\/","title":{"rendered":"Kapcsolat"},"content":{"rendered":"<section class=\"section\" id=\"section_2119971593\">\n\t\t<div class=\"bg section-bg fill bg-fill\" >\n\n\t\t\t\n\t\t\t<div class=\"section-bg-overlay absolute fill\"><\/div>\n\t\t\t\n\t<div class=\"is-border\"\n\t\tstyle=\"border-color:rgb(235, 235, 235);border-width:1px 0px 0px 0px;\">\n\t<\/div>\n\n\t\t<\/div>\n\n\t\t<div class=\"section-content relative\">\n\t\t\t\n\n\t<div id=\"gap-1970200068\" class=\"gap-element clearfix\" style=\"display:block; height:auto;\">\n\t\t\n<style>\n#gap-1970200068 {\n  padding-top: 50px;\n}\n<\/style>\n\t<\/div>\n\t\n\n<div class=\"row align-middle\"  id=\"row-1479508631\">\n\n\n\t<div id=\"col-2028598608\" class=\"col small-12 large-12\"  >\n\t\t<div class=\"col-inner text-center\"  >\n\t\t\t\n\t\t\t\n\n<h2 class=\"uppercase\">Kapcsolat<\/h2>\n\n\t\t<\/div>\n\t\t\t<\/div>\n\n\t\n\n<\/div>\n\n\t\t<\/div>\n\n\t\t\n<style>\n#section_2119971593 {\n  padding-top: 60px;\n  padding-bottom: 60px;\n  min-height: 300px;\n}\n#section_2119971593 .section-bg-overlay {\n  background-color: rgba(0, 0, 0, 0.3);\n}\n#section_2119971593 .section-bg.bg-loaded {\n  background-image: url(https:\/\/chocohause.ro\/wp-content\/uploads\/2021\/01\/1920-x-300.jpg);\n}\n<\/style>\n\t<\/section>\n\t\n<div class=\"row\"  id=\"row-554679309\">\n\n\n\t<div id=\"col-839719331\" class=\"col medium-4 small-12 large-4\"  >\n\t\t<div class=\"col-inner\"  >\n\t\t\t\n\t\t\t\n\n\n\t\t<div class=\"icon-box featured-box icon-box-right text-right\"  >\n\t\t\t\t\t<div class=\"icon-box-img\" style=\"width: 60px\">\n\t\t\t\t<div class=\"icon\">\n\t\t\t\t\t<div class=\"icon-inner\" >\n\t\t\t\t\t\t<img width=\"277\" height=\"300\" src=\"https:\/\/i0.wp.com\/chocohause.ro\/wp-content\/uploads\/2020\/12\/kisspng-telephone-mobile-phones-computer-icons-logo-telephone-5abd19ef252ee5.0891575115223423831523.png?fit=277%2C300&amp;ssl=1\" class=\"attachment-medium size-medium\" alt=\"\" loading=\"lazy\" srcset=\"https:\/\/i0.wp.com\/chocohause.ro\/wp-content\/uploads\/2020\/12\/kisspng-telephone-mobile-phones-computer-icons-logo-telephone-5abd19ef252ee5.0891575115223423831523.png?w=904&amp;ssl=1 904w, https:\/\/i0.wp.com\/chocohause.ro\/wp-content\/uploads\/2020\/12\/kisspng-telephone-mobile-phones-computer-icons-logo-telephone-5abd19ef252ee5.0891575115223423831523.png?resize=277%2C300&amp;ssl=1 277w, https:\/\/i0.wp.com\/chocohause.ro\/wp-content\/uploads\/2020\/12\/kisspng-telephone-mobile-phones-computer-icons-logo-telephone-5abd19ef252ee5.0891575115223423831523.png?resize=768%2C833&amp;ssl=1 768w, https:\/\/i0.wp.com\/chocohause.ro\/wp-content\/uploads\/2020\/12\/kisspng-telephone-mobile-phones-computer-icons-logo-telephone-5abd19ef252ee5.0891575115223423831523.png?resize=510%2C553&amp;ssl=1 510w\" sizes=\"(max-width: 277px) 100vw, 277px\" \/>\t\t\t\t\t<\/div>\n\t\t\t\t<\/div>\n\t\t\t<\/div>\n\t\t\t\t<div class=\"icon-box-text last-reset\">\n\t\t\t\t\t\t\t\t\t\n\n\n\t\t<\/div>\n\t<\/div>\n\t\n\t\n\n\t\t<\/div>\n\t\t\t<\/div>\n\n\t\n\n\t<div id=\"col-415234306\" class=\"col medium-4 small-12 large-4\"  >\n\t\t<div class=\"col-inner\"  >\n\t\t\t\n\t\t\t\n\n\n\t\t<div class=\"icon-box featured-box icon-box-center text-center\"  >\n\t\t\t\t<div class=\"icon-box-text last-reset\">\n\t\t\t\t\t\t\t\t\t\n\n<h3>Vez\u00e9rigazgat\u00f3<\/h3>\n<p>(+40) 756 409 327<\/p>\n\n\t\t<\/div>\n\t<\/div>\n\t\n\t\n\n\t\t<\/div>\n\t\t\t<\/div>\n\n\t\n\n\t<div id=\"col-861389119\" class=\"col medium-4 small-12 large-4\"  >\n\t\t<div class=\"col-inner\"  >\n\t\t\t\n\t\t\t\n\n\n\t\t<div class=\"icon-box featured-box icon-box-center text-center\"  >\n\t\t\t\t<div class=\"icon-box-text last-reset\">\n\t\t\t\t\t\t\t\t\t\n\n<h3>Marketing - \u00c9rt\u00e9kes\u00edt\u00e9s<\/h3>\n<p>(+40) 749 709 869<\/p>\n\n\t\t<\/div>\n\t<\/div>\n\t\n\t\n\n\t\t<\/div>\n\t\t\t<\/div>\n\n\t\n\n<\/div>\n<div class=\"row\"  id=\"row-617748861\">\n\n\n\t<div id=\"col-105757333\" class=\"col medium-4 small-12 large-4\"  >\n\t\t<div class=\"col-inner\"  >\n\t\t\t\n\t\t\t\n\n\n\t\t<div class=\"icon-box featured-box icon-box-right text-right\"  >\n\t\t\t\t\t<div class=\"icon-box-img\" style=\"width: 60px\">\n\t\t\t\t<div class=\"icon\">\n\t\t\t\t\t<div class=\"icon-inner\" >\n\t\t\t\t\t\t<img width=\"300\" height=\"300\" src=\"https:\/\/i0.wp.com\/chocohause.ro\/wp-content\/uploads\/2020\/12\/kisspng-computer-icons-web-page-5afbb5c7d54c66.5285246815264455118737.png?fit=300%2C300&amp;ssl=1\" class=\"attachment-medium size-medium\" alt=\"\" loading=\"lazy\" srcset=\"https:\/\/i0.wp.com\/chocohause.ro\/wp-content\/uploads\/2020\/12\/kisspng-computer-icons-web-page-5afbb5c7d54c66.5285246815264455118737.png?w=1200&amp;ssl=1 1200w, https:\/\/i0.wp.com\/chocohause.ro\/wp-content\/uploads\/2020\/12\/kisspng-computer-icons-web-page-5afbb5c7d54c66.5285246815264455118737.png?resize=300%2C300&amp;ssl=1 300w, https:\/\/i0.wp.com\/chocohause.ro\/wp-content\/uploads\/2020\/12\/kisspng-computer-icons-web-page-5afbb5c7d54c66.5285246815264455118737.png?resize=1024%2C1024&amp;ssl=1 1024w, https:\/\/i0.wp.com\/chocohause.ro\/wp-content\/uploads\/2020\/12\/kisspng-computer-icons-web-page-5afbb5c7d54c66.5285246815264455118737.png?resize=150%2C150&amp;ssl=1 150w, https:\/\/i0.wp.com\/chocohause.ro\/wp-content\/uploads\/2020\/12\/kisspng-computer-icons-web-page-5afbb5c7d54c66.5285246815264455118737.png?resize=768%2C768&amp;ssl=1 768w, https:\/\/i0.wp.com\/chocohause.ro\/wp-content\/uploads\/2020\/12\/kisspng-computer-icons-web-page-5afbb5c7d54c66.5285246815264455118737.png?resize=510%2C510&amp;ssl=1 510w, https:\/\/i0.wp.com\/chocohause.ro\/wp-content\/uploads\/2020\/12\/kisspng-computer-icons-web-page-5afbb5c7d54c66.5285246815264455118737.png?resize=100%2C100&amp;ssl=1 100w\" sizes=\"(max-width: 300px) 100vw, 300px\" \/>\t\t\t\t\t<\/div>\n\t\t\t\t<\/div>\n\t\t\t<\/div>\n\t\t\t\t<div class=\"icon-box-text last-reset\">\n\t\t\t\t\t\t\t\t\t\n\n\n\t\t<\/div>\n\t<\/div>\n\t\n\t\n\n\t\t<\/div>\n\t\t\t<\/div>\n\n\t\n\n\t<div id=\"col-1888838091\" class=\"col medium-4 small-12 large-4\"  >\n\t\t<div class=\"col-inner\"  >\n\t\t\t\n\t\t\t\n\n\n\t\t<div class=\"icon-box featured-box icon-box-center text-center\"  >\n\t\t\t\t<div class=\"icon-box-text last-reset\">\n\t\t\t\t\t\t\t\t\t\n\n<h3>office@chocohause.ro<\/h3>\n\n\t\t<\/div>\n\t<\/div>\n\t\n\t\n\n\t\t<\/div>\n\t\t\t<\/div>\n\n\t\n\n\t<div id=\"col-314675195\" class=\"col medium-4 small-12 large-4\"  >\n\t\t<div class=\"col-inner\"  >\n\t\t\t\n\t\t\t\n\n\n\t\t<\/div>\n\t\t\t<\/div>\n\n\t\n\n<\/div>\n<div class=\"row\"  id=\"row-195720375\">\n\n\n\t<div id=\"col-181323685\" class=\"col medium-4 small-12 large-4\"  >\n\t\t<div class=\"col-inner\"  >\n\t\t\t\n\t\t\t\n\n\n\t\t<\/div>\n\t\t\t<\/div>\n\n\t\n\n\t<div id=\"col-136972376\" class=\"col medium-4 small-12 large-4\"  >\n\t\t<div class=\"col-inner\"  >\n\t\t\t\n\t\t\t\n\n<div role=\"form\" class=\"wpcf7\" id=\"wpcf7-f8-o1\" lang=\"en-US\" dir=\"ltr\">\n<div class=\"screen-reader-response\"><p role=\"status\" aria-live=\"polite\" aria-atomic=\"true\"><\/p> <ul><\/ul><\/div>\n<form action=\"\/hu\/wp-json\/wp\/v2\/pages\/17#wpcf7-f8-o1\" method=\"post\" class=\"wpcf7-form init\" novalidate=\"novalidate\" data-status=\"init\" data-trp-original-action=\"\/hu\/wp-json\/wp\/v2\/pages\/17#wpcf7-f8-o1\">\n<div style=\"display: none;\">\n<input type=\"hidden\" name=\"_wpcf7\" value=\"8\" \/>\n<input type=\"hidden\" name=\"_wpcf7_version\" value=\"5.3.2\" \/>\n<input type=\"hidden\" name=\"_wpcf7_locale\" value=\"en_US\" \/>\n<input type=\"hidden\" name=\"_wpcf7_unit_tag\" value=\"wpcf7-f8-o1\" \/>\n<input type=\"hidden\" name=\"_wpcf7_container_post\" value=\"0\" \/>\n<input type=\"hidden\" name=\"_wpcf7_posted_data_hash\" value=\"\" \/>\n<\/div>\n<div class=\"column one\"><label><span class=\"wpcf7-form-control-wrap your-name\"><input type=\"text\" name=\"your-name\" value=\"\" size=\"40\" class=\"wpcf7-form-control wpcf7-text wpcf7-validates-as-required\" aria-required=\"true\" aria-invalid=\"false\" placeholder=\"N\u00e9v\" \/><\/span> <\/label><\/div>\n<div class=\"column one-second\"><label style=\"margin-right:10px\"><span class=\"wpcf7-form-control-wrap your-email\"><input type=\"email\" name=\"your-email\" value=\"\" size=\"40\" class=\"wpcf7-form-control wpcf7-text wpcf7-email wpcf7-validates-as-required wpcf7-validates-as-email\" aria-required=\"true\" aria-invalid=\"false\" placeholder=\"Email\" \/><\/span><\/label><\/div>\n<div class=\"column one-second\"><label><span class=\"wpcf7-form-control-wrap your-subject\"><input type=\"text\" name=\"your-subject\" value=\"\" size=\"40\" class=\"wpcf7-form-control wpcf7-text\" aria-invalid=\"false\" placeholder=\"T\u00e9ma\" \/><\/span><\/label><\/div>\n<div class=\"column one\"><label><span class=\"wpcf7-form-control-wrap your-subject\"><input type=\"text\" name=\"your-subject\" value=\"\" size=\"40\" class=\"wpcf7-form-control wpcf7-text\" aria-invalid=\"false\" placeholder=\"R\u00e9szletek\" \/><\/span><\/label><\/div>\n<div class=\"column one\"><label><span class=\"wpcf7-form-control-wrap your-message\"><textarea name=\"your-message\" cols=\"40\" rows=\"10\" class=\"wpcf7-form-control wpcf7-textarea\" aria-invalid=\"false\" placeholder=\"\u00dczeneted\"><\/textarea><\/span> <\/label><\/div>\n<div class=\"column one\"><input type=\"submit\" value=\"K\u00fcld\u00e9s\" class=\"wpcf7-form-control wpcf7-submit button_full_width\" \/><\/div>\n<div class=\"wpcf7-response-output\" aria-hidden=\"true\"><\/div><input type=\"hidden\" name=\"trp-form-language\" value=\"hu\"\/><\/form><\/div>\n\n\n\t\t<\/div>\n\t\t\t<\/div>\n\n\t\n\n\t<div id=\"col-497832259\" class=\"col medium-4 small-12 large-4\"  >\n\t\t<div class=\"col-inner\"  >\n\t\t\t\n\t\t\t\n\n\n\t\t<\/div>\n\t\t\t<\/div>\n\n\t\n\n<\/div>\n\t<div id=\"text-2658169048\" class=\"text\">\n\t\t\n\n<h4>SC BEVIDAM IMPEX SRL <\/h4>CUI 33643193\nNR. Reg Com. J12\/2856\/2014\n\t\t\n<style>\n#text-2658169048 {\n  text-align: center;\n}\n<\/style>\n\t<\/div>","protected":false},"excerpt":{"rendered":"","protected":false},"author":1,"featured_media":0,"parent":0,"menu_order":0,"comment_status":"closed","ping_status":"closed","template":"page-transparent-header.php","meta":{"spay_email":""},"yoast_head":"<!-- This site is optimized with the Yoast SEO plugin v15.8 - https:\/\/yoast.com\/wordpress\/plugins\/seo\/ -->\n<title>Contact - Chocohause<\/title>\n<meta name=\"robots\" content=\"index, follow, max-snippet:-1, max-image-preview:large, max-video-preview:-1\" \/>\n<link rel=\"canonical\" href=\"https:\/\/chocohause.ro\/hu\/contact\/\" \/>\n<meta property=\"og:locale\" content=\"hu_HU\" \/>\n<meta property=\"og:type\" content=\"article\" \/>\n<meta property=\"og:title\" content=\"Contact - Chocohause\" \/>\n<meta property=\"og:url\" content=\"https:\/\/chocohause.ro\/hu\/contact\/\" \/>\n<meta property=\"og:site_name\" content=\"Chocohause\" \/>\n<meta property=\"article:publisher\" content=\"https:\/\/www.facebook.com\/cchocohause\" \/>\n<meta property=\"article:modified_time\" content=\"2021-01-27T21:23:21+00:00\" \/>\n<meta property=\"og:image\" content=\"https:\/\/i1.wp.com\/chocohause.ro\/wp-content\/uploads\/2021\/02\/1000x1000-3x-choco.jpg?fit=500%2C500&#038;ssl=1\" \/>\n\t<meta property=\"og:image:width\" content=\"500\" \/>\n\t<meta property=\"og:image:height\" content=\"500\" \/>\n<meta name=\"twitter:card\" content=\"summary_large_image\" \/>\n<meta name=\"twitter:label1\" content=\"Becs\u00fclt olvas\u00e1si id\u0151\">\n\t<meta name=\"twitter:data1\" content=\"1 perc\">\n<script type=\"application\/ld+json\" class=\"yoast-schema-graph\">{\"@context\":\"https:\/\/schema.org\",\"@graph\":[{\"@type\":\"WebSite\",\"@id\":\"https:\/\/chocohause.ro\/#website\",\"url\":\"https:\/\/chocohause.ro\/\",\"name\":\"Chocohause\",\"description\":\"Chocohause\",\"potentialAction\":[{\"@type\":\"SearchAction\",\"target\":\"https:\/\/chocohause.ro\/?s={search_term_string}\",\"query-input\":\"required name=search_term_string\"}],\"inLanguage\":\"hu\"},{\"@type\":\"WebPage\",\"@id\":\"https:\/\/chocohause.ro\/contact\/#webpage\",\"url\":\"https:\/\/chocohause.ro\/contact\/\",\"name\":\"Contact - Chocohause\",\"isPartOf\":{\"@id\":\"https:\/\/chocohause.ro\/#website\"},\"datePublished\":\"2020-08-05T08:24:44+00:00\",\"dateModified\":\"2021-01-27T21:23:21+00:00\",\"breadcrumb\":{\"@id\":\"https:\/\/chocohause.ro\/contact\/#breadcrumb\"},\"inLanguage\":\"hu\",\"potentialAction\":[{\"@type\":\"ReadAction\",\"target\":[\"https:\/\/chocohause.ro\/contact\/\"]}]},{\"@type\":\"BreadcrumbList\",\"@id\":\"https:\/\/chocohause.ro\/contact\/#breadcrumb\",\"itemListElement\":[{\"@type\":\"ListItem\",\"position\":1,\"item\":{\"@type\":\"WebPage\",\"@id\":\"https:\/\/chocohause.ro\/\",\"url\":\"https:\/\/chocohause.ro\/\",\"name\":\"Prima pagin\\u0103\"}},{\"@type\":\"ListItem\",\"position\":2,\"item\":{\"@type\":\"WebPage\",\"@id\":\"https:\/\/chocohause.ro\/contact\/\",\"url\":\"https:\/\/chocohause.ro\/contact\/\",\"name\":\"Contact\"}}]}]}<\/script>\n<!-- \/ Yoast SEO plugin. -->","_links":{"self":[{"href":"https:\/\/chocohause.ro\/hu\/wp-json\/wp\/v2\/pages\/17"}],"collection":[{"href":"https:\/\/chocohause.ro\/hu\/wp-json\/wp\/v2\/pages"}],"about":[{"href":"https:\/\/chocohause.ro\/hu\/wp-json\/wp\/v2\/types\/page"}],"author":[{"embeddable":true,"href":"https:\/\/chocohause.ro\/hu\/wp-json\/wp\/v2\/users\/1"}],"replies":[{"embeddable":true,"href":"https:\/\/chocohause.ro\/hu\/wp-json\/wp\/v2\/comments?post=17"}],"version-history":[{"count":29,"href":"https:\/\/chocohause.ro\/hu\/wp-json\/wp\/v2\/pages\/17\/revisions"}],"predecessor-version":[{"id":908,"href":"https:\/\/chocohause.ro\/hu\/wp-json\/wp\/v2\/pages\/17\/revisions\/908"}],"wp:attachment":[{"href":"https:\/\/chocohause.ro\/hu\/wp-json\/wp\/v2\/media?parent=17"}],"curies":[{"name":"wp","href":"https:\/\/api.w.org\/{rel}","templated":true}]}}