{"id":455,"date":"2020-12-17T22:40:50","date_gmt":"2020-12-17T20:40:50","guid":{"rendered":"https:\/\/chocohause.ro\/?page_id=455"},"modified":"2021-01-27T22:56:50","modified_gmt":"2021-01-27T20:56:50","slug":"livrare-plata-garantie","status":"publish","type":"page","link":"https:\/\/chocohause.ro\/hu\/livrare-plata-garantie\/","title":{"rendered":"Sz\u00e1ll\u00edt\u00e1si politika"},"content":{"rendered":"<div id=\"gap-2076813231\" class=\"gap-element clearfix\" style=\"display:block; height:auto;\">\n\t\t\n<style>\n#gap-2076813231 {\n  padding-top: 150px;\n}\n<\/style>\n\t<\/div>\n\t\n\n<div class=\"row\"  id=\"row-1817651467\">\n\n\n\t<div id=\"col-1654637575\" class=\"col small-12 large-12\"  >\n\t\t<div class=\"col-inner\"  >\n\t\t\t\n\t\t\t\n\n<h2>SZ\u00c1LL\u00cdT\u00c1SI POLITIKA<\/h2>\n<p class=\" translation-block\">A Bevidam Impex SRL hamarosan Rom\u00e1nia eg\u00e9sz ter\u00fclet\u00e9n sz\u00e1ll\u00edt.\nKolozsv\u00e1ri alkalmazottak \u00e1ltal k\u00e9sz\u00edtett helyi term\u00e9keket juttatunk el az \u00d6n otthon\u00e1ba is.\n\nKolozsv\u00e1ron a 200 Ron feletti megrendel\u00e9sek sz\u00e1ll\u00edt\u00e1si k\u00f6lts\u00e9gei INGYENESek, a 200 Ron-n\u00e1l alacsonyabb \u00e9rt\u00e9k\u0171ek eset\u00e9ben pedig 15 Ron sz\u00e1ll\u00edt\u00e1si d\u00edjat sz\u00e1m\u00edtunk fel.\n\nA chocohause.ro internetes \u00e1ruh\u00e1zban megrendelt term\u00e9keket szem\u00e9lyesen veheti \u00e1t sz\u00e1ll\u00edt\u00e1si d\u00edj n\u00e9lk\u00fcl az al\u00e1bbi felvev\u0151 pontokon:\n- CORA \u00e1ruh\u00e1z -  Kolozsv\u00e1r\n- Shopping City - D\u00e9va\n- Value Center - Nagyb\u00e1nya\n- Sug\u00e1s \u00dczlet - Sepsiszentgy\u00f6rgy.\n\nTerm\u00e9keink szok\u00e1sos sz\u00e1ll\u00edt\u00e1si ideje az online megrendel\u00e9s visszaigazol\u00e1s\u00e1t\u00f3l sz\u00e1m\u00edtva 24 \u00f3ra. Ha v\u00e9szhelyzete van, ne habozzon kapcsolatba l\u00e9pni vel\u00fcnk, hogy meger\u0151s\u00edtse a rendel\u00e9s id\u0151ben t\u00f6rt\u00e9n\u0151 lead\u00e1s\u00e1nak \u00e9s k\u00e9zbes\u00edt\u00e9s\u00e9nek lehet\u0151s\u00e9g\u00e9t.\nTov\u00e1bbi inform\u00e1ci\u00f3\u00e9rt ne habozzon kapcsolatba l\u00e9pni vel\u00fcnk a k\u00f6vetkez\u0151 telefonsz\u00e1mon: 0756409327.<\/p>\n<p><strong>Hogyan kell v\u00e1s\u00e1rolni <\/strong><br \/>Term\u00e9keinket boltunkb\u00f3l online, telefonon vagy e-mailben v\u00e1s\u00e1rolhatja meg.<\/p>\n<p><strong>Online megrendel\u00e9s<\/strong><br \/>A megrendelni k\u00edv\u00e1nt term\u00e9k megtal\u00e1lhat\u00f3 a term\u00e9kkateg\u00f3ri\u00e1kat tartalmaz\u00f3 oldal tetej\u00e9n tal\u00e1lhat\u00f3 men\u00fc haszn\u00e1lat\u00e1val, a jobb oldali men\u00fcb\u0151l az \u00f6sszes term\u00e9kkateg\u00f3ri\u00e1val \u00e9s alkateg\u00f3ri\u00e1val vagy a keres\u0151mez\u0151 haszn\u00e1lat\u00e1val. Amikor megnyomja a megrendel\u00e9st, a term\u00e9k automatikusan \u00e1tker\u00fcl a kos\u00e1rba.\u00a0<\/p>\n<p>Miut\u00e1n a kos\u00e1rba helyezte az \u00f6sszes megrendelni k\u00edv\u00e1nt term\u00e9ket, a v\u00e1s\u00e1rl\u00e1si folyamat folytat\u00f3dik a gomb megnyom\u00e1s\u00e1val \u00e9s a rendel\u00e9s finaliz\u00e1l\u00e1sval.<\/p>\n<p><strong>Telefonos megrendel\u00e9s<\/strong><br \/>Ha h\u00e9tf\u0151t\u0151l szombatig 10 \u00e9s 18 \u00f3ra k\u00f6z\u00f6tt h\u00edvja a 0756409327-es telefonsz\u00e1mot, egy \u00e9rt\u00e9kes\u00edt\u00e9si \u00fcgyn\u00f6k elfogadja a megrendel\u00e9st \u00e9s \u00e9rtes\u00edti \u00d6nt  a megrendel\u00e9s r\u00e9szleteir\u0151l.<\/p>\n<p><strong>Rendel\u00e9s e-mailben<\/strong><br \/>A megrendel\u00e9st e-mailben is elk\u00fcldheti  az office@chocohause.ro c\u00edmre. A lev\u00e9lnek a k\u00f6vetkez\u0151 adatokat kell tartalmaznia:<br \/>Sz\u00e1ll\u00edt\u00e1si m\u00f3d (szem\u00e9lyes \u00e1tv\u00e9tel a felvev\u0151 pontjaink egyik\u00e9r\u0151l vagy k\u00e9zbes\u00edt\u00e9s az \u00d6n \u00e1ltal eml\u00edtett c\u00edmre Kolozsv\u00e1ron)<br \/>Rendel\u00e9si adatok: n\u00e9v \u00e9s vezet\u00e9kn\u00e9v, teljes c\u00edm (megye, v\u00e1ros, utca, sz\u00e1m, l\u00e9pcs\u0151h\u00e1z, t\u00f6mbh\u00e1z, emelet, apartman, ha sz\u00fcks\u00e9ges).<br \/>Adja meg a k\u00edv\u00e1nt term\u00e9keket: term\u00e9k neve, mennyis\u00e9g, sz\u00e1ll\u00edt\u00e1si d\u00e1tum.<\/p>\n<p><strong>Term\u00e9k-garancia <\/strong><br \/>Az \u00e9desipari term\u00e9keket h\u0171t\u00f6tt egys\u00e9gekben, 2-8 \u00b0 C k\u00f6z\u00f6tti h\u0151m\u00e9rs\u00e9kleten t\u00e1rolj\u00e1k. A p\u00e9ks\u00fctem\u00e9nyeket \u00e9s s\u00fct\u0151ipari term\u00e9keket sz\u00e1raz \u00e9s h\u0171v\u00f6s helyen t\u00e1rolj\u00e1k. Ezeknek a minim\u00e1lis eltarthat\u00f3s\u00e1gi idej\u00e9t az egyes term\u00e9kekre k\u00fcl\u00f6n-k\u00fcl\u00f6n felt\u00fcntetj\u00fck.<\/p>\n<p><strong>Rendel\u00e9s lemond\u00e1si \u00e9s visszak\u00fcld\u00e9si szab\u00e1lyzat<\/strong><\/p>\n<p class=\" translation-block\">Ha a megrendelt term\u00e9k nem felel meg annak, amit megrendelt vagy a sz\u00e1ll\u00edt\u00e1s miatt v\u00e1ltoz\u00e1sokon ment kereszt\u00fcl, probl\u00e9mamentesen visszak\u00fcldheti a term\u00e9ket \u00e9s p\u00e9nz\u00e9t teljes eg\u00e9sz\u00e9ben visszat\u00e9r\u00edtj\u00fck. Nem szabad megfeledkezni arr\u00f3l, hogy a term\u00e9kek k\u00e9zzel, sablonok n\u00e9lk\u00fcl k\u00e9sz\u00fclnek  \u00e9s \u00edgy nem mindig lehetnek azonosak a webhely k\u00e9p\u00e9vel. A term\u00e9kek sz\u00edn\u00e9nek k\u00fcl\u00f6nb\u00f6z\u0151 \u00e1rnyalatai lehetnek a monitor be\u00e1ll\u00edt\u00e1sai miatt. A k\u00fcl\u00f6nbs\u00e9gek azonban kicsik \u00e9s nem befoly\u00e1solj\u00e1k a term\u00e9k k\u00fcl\u00f6nleges megjelen\u00e9s\u00e9t.\nA megrendel\u00e9seket csak akkor lehet lemondani, ha a term\u00e9kek el\u0151k\u00e9sz\u00edt\u00e9se m\u00e9g nem kezd\u0151d\u00f6tt el. Ha megfelel\u0151 id\u0151ben, 8 \u00f3r\u00e1s munkaid\u0151 el\u0151tt k\u00e9ri a megrendel\u00e9s t\u00f6rl\u00e9s\u00e9t, megrendel\u00e9s\u00e9t t\u00f6r\u00f6lj\u00fck \u00e9s a befizetett \u00f6sszeget teljes eg\u00e9sz\u00e9ben visszakapja.<\/p>\n\n\t\t<\/div>\n\t\t\t<\/div>\n\n\t\n\n<\/div>","protected":false},"excerpt":{"rendered":"","protected":false},"author":1,"featured_media":0,"parent":0,"menu_order":0,"comment_status":"closed","ping_status":"closed","template":"page-transparent-header.php","meta":{"spay_email":""},"yoast_head":"<!-- This site is optimized with the Yoast SEO plugin v15.8 - https:\/\/yoast.com\/wordpress\/plugins\/seo\/ -->\n<title>Livrare \/ Plata \/ Garantie - Chocohause<\/title>\n<meta name=\"robots\" content=\"index, follow, max-snippet:-1, max-image-preview:large, max-video-preview:-1\" \/>\n<link rel=\"canonical\" href=\"https:\/\/chocohause.ro\/hu\/livrare-plata-garantie\/\" \/>\n<meta property=\"og:locale\" content=\"hu_HU\" \/>\n<meta property=\"og:type\" content=\"article\" \/>\n<meta property=\"og:title\" content=\"Livrare \/ Plata \/ Garantie - Chocohause\" \/>\n<meta property=\"og:url\" content=\"https:\/\/chocohause.ro\/hu\/livrare-plata-garantie\/\" \/>\n<meta property=\"og:site_name\" content=\"Chocohause\" \/>\n<meta property=\"article:publisher\" content=\"https:\/\/www.facebook.com\/cchocohause\" \/>\n<meta property=\"article:modified_time\" content=\"2021-01-27T20:56:50+00:00\" \/>\n<meta property=\"og:image\" content=\"https:\/\/i1.wp.com\/chocohause.ro\/wp-content\/uploads\/2021\/02\/1000x1000-3x-choco.jpg?fit=500%2C500&#038;ssl=1\" \/>\n\t<meta property=\"og:image:width\" content=\"500\" \/>\n\t<meta property=\"og:image:height\" content=\"500\" \/>\n<meta name=\"twitter:card\" content=\"summary_large_image\" \/>\n<meta name=\"twitter:label1\" content=\"Becs\u00fclt olvas\u00e1si id\u0151\">\n\t<meta name=\"twitter:data1\" content=\"2 perc\">\n<script type=\"application\/ld+json\" class=\"yoast-schema-graph\">{\"@context\":\"https:\/\/schema.org\",\"@graph\":[{\"@type\":\"WebSite\",\"@id\":\"https:\/\/chocohause.ro\/#website\",\"url\":\"https:\/\/chocohause.ro\/\",\"name\":\"Chocohause\",\"description\":\"Chocohause\",\"potentialAction\":[{\"@type\":\"SearchAction\",\"target\":\"https:\/\/chocohause.ro\/?s={search_term_string}\",\"query-input\":\"required name=search_term_string\"}],\"inLanguage\":\"hu\"},{\"@type\":\"WebPage\",\"@id\":\"https:\/\/chocohause.ro\/livrare-plata-garantie\/#webpage\",\"url\":\"https:\/\/chocohause.ro\/livrare-plata-garantie\/\",\"name\":\"Livrare \/ Plata \/ Garantie - Chocohause\",\"isPartOf\":{\"@id\":\"https:\/\/chocohause.ro\/#website\"},\"datePublished\":\"2020-12-17T20:40:50+00:00\",\"dateModified\":\"2021-01-27T20:56:50+00:00\",\"breadcrumb\":{\"@id\":\"https:\/\/chocohause.ro\/livrare-plata-garantie\/#breadcrumb\"},\"inLanguage\":\"hu\",\"potentialAction\":[{\"@type\":\"ReadAction\",\"target\":[\"https:\/\/chocohause.ro\/livrare-plata-garantie\/\"]}]},{\"@type\":\"BreadcrumbList\",\"@id\":\"https:\/\/chocohause.ro\/livrare-plata-garantie\/#breadcrumb\",\"itemListElement\":[{\"@type\":\"ListItem\",\"position\":1,\"item\":{\"@type\":\"WebPage\",\"@id\":\"https:\/\/chocohause.ro\/\",\"url\":\"https:\/\/chocohause.ro\/\",\"name\":\"Prima pagin\\u0103\"}},{\"@type\":\"ListItem\",\"position\":2,\"item\":{\"@type\":\"WebPage\",\"@id\":\"https:\/\/chocohause.ro\/livrare-plata-garantie\/\",\"url\":\"https:\/\/chocohause.ro\/livrare-plata-garantie\/\",\"name\":\"Livrare \/ Plata \/ Garantie\"}}]}]}<\/script>\n<!-- \/ Yoast SEO plugin. -->","_links":{"self":[{"href":"https:\/\/chocohause.ro\/hu\/wp-json\/wp\/v2\/pages\/455"}],"collection":[{"href":"https:\/\/chocohause.ro\/hu\/wp-json\/wp\/v2\/pages"}],"about":[{"href":"https:\/\/chocohause.ro\/hu\/wp-json\/wp\/v2\/types\/page"}],"author":[{"embeddable":true,"href":"https:\/\/chocohause.ro\/hu\/wp-json\/wp\/v2\/users\/1"}],"replies":[{"embeddable":true,"href":"https:\/\/chocohause.ro\/hu\/wp-json\/wp\/v2\/comments?post=455"}],"version-history":[{"count":5,"href":"https:\/\/chocohause.ro\/hu\/wp-json\/wp\/v2\/pages\/455\/revisions"}],"predecessor-version":[{"id":903,"href":"https:\/\/chocohause.ro\/hu\/wp-json\/wp\/v2\/pages\/455\/revisions\/903"}],"wp:attachment":[{"href":"https:\/\/chocohause.ro\/hu\/wp-json\/wp\/v2\/media?parent=455"}],"curies":[{"name":"wp","href":"https:\/\/api.w.org\/{rel}","templated":true}]}}