{"id":484,"date":"2020-12-18T09:13:13","date_gmt":"2020-12-18T07:13:13","guid":{"rendered":"https:\/\/chocohause.ro\/?page_id=484"},"modified":"2021-01-07T19:57:50","modified_gmt":"2021-01-07T17:57:50","slug":"cart","status":"publish","type":"page","link":"https:\/\/chocohause.ro\/hu\/cart\/","title":{"rendered":"Cart"},"content":{"rendered":"<div id=\"gap-1155863808\" class=\"gap-element clearfix\" style=\"display:block; height:auto;\">\n\t\t\n<style>\n#gap-1155863808 {\n  padding-top: 150px;\n}\n<\/style>\n\t<\/div>\n\t\n\n\n\n\t<div id=\"gap-1664059574\" class=\"gap-element clearfix\" style=\"display:block; height:auto;\">\n\t\t\n<style>\n#gap-1664059574 {\n  padding-top: 50px;\n}\n<\/style>\n\t<\/div>\n\t\n\n\n  \n    <div class=\"row large-columns-4 medium-columns-3 small-columns-2 row-small slider row-slider slider-nav-reveal slider-nav-push\"  data-flickity-options='{\"imagesLoaded\": true, \"groupCells\": \"100%\", \"dragThreshold\" : 5, \"cellAlign\": \"left\",\"wrapAround\": true,\"prevNextButtons\": true,\"percentPosition\": true,\"pageDots\": false, \"rightToLeft\": false, \"autoPlay\" : false}'>\n\n  \t\n\t     \n\t\t\t\t\t\n<div class=\"product-small col has-hover product type-product post-605 status-publish first instock product_cat-ciocolata-de-casa has-post-thumbnail taxable shipping-taxable purchasable product-type-variable\">\n\t<div class=\"col-inner\">\n\t\n<div class=\"badge-container absolute left top z-1\">\n<\/div>\n\t<div class=\"product-small box\">\n\t\t<div class=\"box-image\">\n\t\t\t<div class=\"image-fade_in_back\">\n\t\t\t\t<a href=\"https:\/\/chocohause.ro\/hu\/product\/ciocolata-de-casa-cu-capsuni-liofilizate-2\/\">\n\t\t\t\t\t<img width=\"247\" height=\"296\" src=\"https:\/\/i0.wp.com\/chocohause.ro\/wp-content\/uploads\/2021\/01\/capsuni.jpg?resize=247%2C296&amp;ssl=1\" class=\"attachment-woocommerce_thumbnail size-woocommerce_thumbnail\" alt=\"\" loading=\"lazy\" srcset=\"https:\/\/i0.wp.com\/chocohause.ro\/wp-content\/uploads\/2021\/01\/capsuni.jpg?resize=247%2C296&amp;ssl=1 247w, https:\/\/i0.wp.com\/chocohause.ro\/wp-content\/uploads\/2021\/01\/capsuni.jpg?zoom=2&amp;resize=247%2C296&amp;ssl=1 494w, https:\/\/i0.wp.com\/chocohause.ro\/wp-content\/uploads\/2021\/01\/capsuni.jpg?zoom=3&amp;resize=247%2C296&amp;ssl=1 741w\" sizes=\"(max-width: 247px) 100vw, 247px\" \/>\t\t\t\t<\/a>\n\t\t\t<\/div>\n\t\t\t<div class=\"image-tools is-small top right show-on-hover\">\n\t\t\t\t\t\t\t<\/div>\n\t\t\t<div class=\"image-tools is-small hide-for-small bottom left show-on-hover\">\n\t\t\t\t\t\t\t<\/div>\n\t\t\t<div class=\"image-tools grid-tools text-center hide-for-small bottom hover-slide-in show-on-hover\">\n\t\t\t\t  <a class=\"quick-view\" data-prod=\"605\" href=\"#quick-view\">Quick View<\/a>\t\t\t<\/div>\n\t\t\t\t\t<\/div>\n\n\t\t<div class=\"box-text box-text-products text-center grid-style-2\">\n\t\t\t<div class=\"title-wrapper\"><\/div><div class=\"price-wrapper\"><\/div><div class=\"add-to-cart-button\"><a href=\"https:\/\/chocohause.ro\/hu\/product\/ciocolata-de-casa-cu-capsuni-liofilizate-2\/\" data-quantity=\"1\" class=\"primary is-small mb-0 button product_type_variable add_to_cart_button is-flat\" data-product_id=\"605\" data-product_sku=\"\" aria-label=\"V\u00e1lasszunk \u201cCiocolata de casa cu capsuni liofilizate\u201d lehet\u0151s\u00e9gek k\u00f6z\u00fcl\" rel=\"nofollow\" data-no-translation=\"\" data-trp-gettext=\"\" data-no-translation-aria-label=\"\">Opci\u00f3k v\u00e1laszt\u00e1sa<\/a><\/div>\t\t<\/div>\n\t<\/div>\n\t\t<\/div>\n<\/div>\n\t            \n\t\t\t\t\t\n<div class=\"product-small col has-hover product type-product post-644 status-publish instock product_cat-premium-chocobox has-post-thumbnail taxable shipping-taxable purchasable product-type-variable\">\n\t<div class=\"col-inner\">\n\t\n<div class=\"badge-container absolute left top z-1\">\n<\/div>\n\t<div class=\"product-small box\">\n\t\t<div class=\"box-image\">\n\t\t\t<div class=\"image-fade_in_back\">\n\t\t\t\t<a href=\"https:\/\/chocohause.ro\/hu\/product\/ciocolata-de-casa-alba-cu-cafea-ciocolata-de-casa-alba-cu-lavanda\/\">\n\t\t\t\t\t<img width=\"247\" height=\"296\" src=\"https:\/\/i0.wp.com\/chocohause.ro\/wp-content\/uploads\/2021\/01\/ciocolata-alba-cu-lavanda-si-cafea.jpg?resize=247%2C296&amp;ssl=1\" class=\"attachment-woocommerce_thumbnail size-woocommerce_thumbnail\" alt=\"\" loading=\"lazy\" srcset=\"https:\/\/i0.wp.com\/chocohause.ro\/wp-content\/uploads\/2021\/01\/ciocolata-alba-cu-lavanda-si-cafea.jpg?resize=247%2C296&amp;ssl=1 247w, https:\/\/i0.wp.com\/chocohause.ro\/wp-content\/uploads\/2021\/01\/ciocolata-alba-cu-lavanda-si-cafea.jpg?zoom=2&amp;resize=247%2C296&amp;ssl=1 494w, https:\/\/i0.wp.com\/chocohause.ro\/wp-content\/uploads\/2021\/01\/ciocolata-alba-cu-lavanda-si-cafea.jpg?zoom=3&amp;resize=247%2C296&amp;ssl=1 741w\" sizes=\"(max-width: 247px) 100vw, 247px\" \/>\t\t\t\t<\/a>\n\t\t\t<\/div>\n\t\t\t<div class=\"image-tools is-small top right show-on-hover\">\n\t\t\t\t\t\t\t<\/div>\n\t\t\t<div class=\"image-tools is-small hide-for-small bottom left show-on-hover\">\n\t\t\t\t\t\t\t<\/div>\n\t\t\t<div class=\"image-tools grid-tools text-center hide-for-small bottom hover-slide-in show-on-hover\">\n\t\t\t\t  <a class=\"quick-view\" data-prod=\"644\" href=\"#quick-view\">Quick View<\/a>\t\t\t<\/div>\n\t\t\t\t\t<\/div>\n\n\t\t<div class=\"box-text box-text-products text-center grid-style-2\">\n\t\t\t<div class=\"title-wrapper\"><\/div><div class=\"price-wrapper\"><\/div><div class=\"add-to-cart-button\"><a href=\"https:\/\/chocohause.ro\/hu\/product\/ciocolata-de-casa-alba-cu-cafea-ciocolata-de-casa-alba-cu-lavanda\/\" data-quantity=\"1\" class=\"primary is-small mb-0 button product_type_variable add_to_cart_button is-flat\" data-product_id=\"644\" data-product_sku=\"\" aria-label=\"V\u00e1lasszunk \u201cCiocolata de casa alba cu cafea, ciocolata de casa alba cu lavanda\u201d lehet\u0151s\u00e9gek k\u00f6z\u00fcl\" rel=\"nofollow\" data-no-translation=\"\" data-trp-gettext=\"\" data-no-translation-aria-label=\"\">Opci\u00f3k v\u00e1laszt\u00e1sa<\/a><\/div>\t\t<\/div>\n\t<\/div>\n\t\t<\/div>\n<\/div>\n\t            \n\t\t\t\t\t\n<div class=\"product-small col has-hover product type-product post-591 status-publish instock product_cat-prajituri has-post-thumbnail taxable shipping-taxable purchasable product-type-variable\">\n\t<div class=\"col-inner\">\n\t\n<div class=\"badge-container absolute left top z-1\">\n<\/div>\n\t<div class=\"product-small box\">\n\t\t<div class=\"box-image\">\n\t\t\t<div class=\"image-fade_in_back\">\n\t\t\t\t<a href=\"https:\/\/chocohause.ro\/hu\/product\/bilute-de-ciocolata\/\">\n\t\t\t\t\t<img width=\"247\" height=\"296\" src=\"https:\/\/i2.wp.com\/chocohause.ro\/wp-content\/uploads\/2021\/01\/bila-2.jpg?resize=247%2C296&amp;ssl=1\" class=\"attachment-woocommerce_thumbnail size-woocommerce_thumbnail\" alt=\"\" loading=\"lazy\" srcset=\"https:\/\/i2.wp.com\/chocohause.ro\/wp-content\/uploads\/2021\/01\/bila-2.jpg?resize=247%2C296&amp;ssl=1 247w, https:\/\/i2.wp.com\/chocohause.ro\/wp-content\/uploads\/2021\/01\/bila-2.jpg?zoom=2&amp;resize=247%2C296&amp;ssl=1 494w, https:\/\/i2.wp.com\/chocohause.ro\/wp-content\/uploads\/2021\/01\/bila-2.jpg?zoom=3&amp;resize=247%2C296&amp;ssl=1 741w\" sizes=\"(max-width: 247px) 100vw, 247px\" \/>\t\t\t\t<\/a>\n\t\t\t<\/div>\n\t\t\t<div class=\"image-tools is-small top right show-on-hover\">\n\t\t\t\t\t\t\t<\/div>\n\t\t\t<div class=\"image-tools is-small hide-for-small bottom left show-on-hover\">\n\t\t\t\t\t\t\t<\/div>\n\t\t\t<div class=\"image-tools grid-tools text-center hide-for-small bottom hover-slide-in show-on-hover\">\n\t\t\t\t  <a class=\"quick-view\" data-prod=\"591\" href=\"#quick-view\">Quick View<\/a>\t\t\t<\/div>\n\t\t\t\t\t<\/div>\n\n\t\t<div class=\"box-text box-text-products text-center grid-style-2\">\n\t\t\t<div class=\"title-wrapper\"><\/div><div class=\"price-wrapper\"><\/div><div class=\"add-to-cart-button\"><a href=\"https:\/\/chocohause.ro\/hu\/product\/bilute-de-ciocolata\/\" data-quantity=\"1\" class=\"primary is-small mb-0 button product_type_variable add_to_cart_button is-flat\" data-product_id=\"591\" data-product_sku=\"\" aria-label=\"V\u00e1lasszunk \u201cBilute de ciocolata\u201d lehet\u0151s\u00e9gek k\u00f6z\u00fcl\" rel=\"nofollow\" data-no-translation=\"\" data-trp-gettext=\"\" data-no-translation-aria-label=\"\">Opci\u00f3k v\u00e1laszt\u00e1sa<\/a><\/div>\t\t<\/div>\n\t<\/div>\n\t\t<\/div>\n<\/div>\n\t            \n\t\t\t\t\t\n<div class=\"product-small col has-hover product type-product post-645 status-publish last instock product_cat-premium-chocobox has-post-thumbnail taxable shipping-taxable purchasable product-type-variable\">\n\t<div class=\"col-inner\">\n\t\n<div class=\"badge-container absolute left top z-1\">\n<\/div>\n\t<div class=\"product-small box\">\n\t\t<div class=\"box-image\">\n\t\t\t<div class=\"image-fade_in_back\">\n\t\t\t\t<a href=\"https:\/\/chocohause.ro\/hu\/product\/ciocolata-de-casa-cu-cocos\/\">\n\t\t\t\t\t<img width=\"247\" height=\"296\" src=\"https:\/\/i1.wp.com\/chocohause.ro\/wp-content\/uploads\/2021\/01\/cocos.jpg?resize=247%2C296&amp;ssl=1\" class=\"attachment-woocommerce_thumbnail size-woocommerce_thumbnail\" alt=\"\" loading=\"lazy\" srcset=\"https:\/\/i1.wp.com\/chocohause.ro\/wp-content\/uploads\/2021\/01\/cocos.jpg?resize=247%2C296&amp;ssl=1 247w, https:\/\/i1.wp.com\/chocohause.ro\/wp-content\/uploads\/2021\/01\/cocos.jpg?zoom=2&amp;resize=247%2C296&amp;ssl=1 494w, https:\/\/i1.wp.com\/chocohause.ro\/wp-content\/uploads\/2021\/01\/cocos.jpg?zoom=3&amp;resize=247%2C296&amp;ssl=1 741w\" sizes=\"(max-width: 247px) 100vw, 247px\" \/>\t\t\t\t<\/a>\n\t\t\t<\/div>\n\t\t\t<div class=\"image-tools is-small top right show-on-hover\">\n\t\t\t\t\t\t\t<\/div>\n\t\t\t<div class=\"image-tools is-small hide-for-small bottom left show-on-hover\">\n\t\t\t\t\t\t\t<\/div>\n\t\t\t<div class=\"image-tools grid-tools text-center hide-for-small bottom hover-slide-in show-on-hover\">\n\t\t\t\t  <a class=\"quick-view\" data-prod=\"645\" href=\"#quick-view\">Quick View<\/a>\t\t\t<\/div>\n\t\t\t\t\t<\/div>\n\n\t\t<div class=\"box-text box-text-products text-center grid-style-2\">\n\t\t\t<div class=\"title-wrapper\"><\/div><div class=\"price-wrapper\"><\/div><div class=\"add-to-cart-button\"><a href=\"https:\/\/chocohause.ro\/hu\/product\/ciocolata-de-casa-cu-cocos\/\" data-quantity=\"1\" class=\"primary is-small mb-0 button product_type_variable add_to_cart_button is-flat\" data-product_id=\"645\" data-product_sku=\"\" aria-label=\"V\u00e1lasszunk \u201cCiocolata de casa cu cocos\u201d lehet\u0151s\u00e9gek k\u00f6z\u00fcl\" rel=\"nofollow\" data-no-translation=\"\" data-trp-gettext=\"\" data-no-translation-aria-label=\"\">Opci\u00f3k v\u00e1laszt\u00e1sa<\/a><\/div>\t\t<\/div>\n\t<\/div>\n\t\t<\/div>\n<\/div>\n\t            \n\t\t\t\t\t\n<div class=\"product-small col has-hover product type-product post-614 status-publish first instock product_cat-ciocolata-de-casa has-post-thumbnail taxable shipping-taxable purchasable product-type-variable\">\n\t<div class=\"col-inner\">\n\t\n<div class=\"badge-container absolute left top z-1\">\n<\/div>\n\t<div class=\"product-small box\">\n\t\t<div class=\"box-image\">\n\t\t\t<div class=\"image-fade_in_back\">\n\t\t\t\t<a href=\"https:\/\/chocohause.ro\/hu\/product\/ciocolata-de-casa-duo-cu-oreo\/\">\n\t\t\t\t\t<img width=\"247\" height=\"296\" src=\"https:\/\/i0.wp.com\/chocohause.ro\/wp-content\/uploads\/2021\/01\/duo-orea.jpg?resize=247%2C296&amp;ssl=1\" class=\"attachment-woocommerce_thumbnail size-woocommerce_thumbnail\" alt=\"\" loading=\"lazy\" srcset=\"https:\/\/i0.wp.com\/chocohause.ro\/wp-content\/uploads\/2021\/01\/duo-orea.jpg?resize=247%2C296&amp;ssl=1 247w, https:\/\/i0.wp.com\/chocohause.ro\/wp-content\/uploads\/2021\/01\/duo-orea.jpg?zoom=2&amp;resize=247%2C296&amp;ssl=1 494w, https:\/\/i0.wp.com\/chocohause.ro\/wp-content\/uploads\/2021\/01\/duo-orea.jpg?zoom=3&amp;resize=247%2C296&amp;ssl=1 741w\" sizes=\"(max-width: 247px) 100vw, 247px\" \/>\t\t\t\t<\/a>\n\t\t\t<\/div>\n\t\t\t<div class=\"image-tools is-small top right show-on-hover\">\n\t\t\t\t\t\t\t<\/div>\n\t\t\t<div class=\"image-tools is-small hide-for-small bottom left show-on-hover\">\n\t\t\t\t\t\t\t<\/div>\n\t\t\t<div class=\"image-tools grid-tools text-center hide-for-small bottom hover-slide-in show-on-hover\">\n\t\t\t\t  <a class=\"quick-view\" data-prod=\"614\" href=\"#quick-view\">Quick View<\/a>\t\t\t<\/div>\n\t\t\t\t\t<\/div>\n\n\t\t<div class=\"box-text box-text-products text-center grid-style-2\">\n\t\t\t<div class=\"title-wrapper\"><\/div><div class=\"price-wrapper\"><\/div><div class=\"add-to-cart-button\"><a href=\"https:\/\/chocohause.ro\/hu\/product\/ciocolata-de-casa-duo-cu-oreo\/\" data-quantity=\"1\" class=\"primary is-small mb-0 button product_type_variable add_to_cart_button is-flat\" data-product_id=\"614\" data-product_sku=\"\" aria-label=\"V\u00e1lasszunk \u201cCiocolata de casa DUO cu OREO\u201d lehet\u0151s\u00e9gek k\u00f6z\u00fcl\" rel=\"nofollow\" data-no-translation=\"\" data-trp-gettext=\"\" data-no-translation-aria-label=\"\">Opci\u00f3k v\u00e1laszt\u00e1sa<\/a><\/div>\t\t<\/div>\n\t<\/div>\n\t\t<\/div>\n<\/div>\n\t            \n\t\t\t\t\t\n<div class=\"product-small col has-hover product type-product post-643 status-publish instock product_cat-premium-chocobox has-post-thumbnail taxable shipping-taxable purchasable product-type-variable has-default-attributes\">\n\t<div class=\"col-inner\">\n\t\n<div class=\"badge-container absolute left top z-1\">\n<\/div>\n\t<div class=\"product-small box\">\n\t\t<div class=\"box-image\">\n\t\t\t<div class=\"image-fade_in_back\">\n\t\t\t\t<a href=\"https:\/\/chocohause.ro\/hu\/product\/ciocolata-de-casa-alba-cu-petale-de-trandafiri-ciocolata-de-casa-cu-capsuni-liofilizate\/\">\n\t\t\t\t\t<img width=\"247\" height=\"296\" src=\"https:\/\/i1.wp.com\/chocohause.ro\/wp-content\/uploads\/2021\/01\/ciocolata-alba-cu-petale-de-trandafiri-neagra-cu-capsuni-neofilizate.jpg?resize=247%2C296&amp;ssl=1\" class=\"attachment-woocommerce_thumbnail size-woocommerce_thumbnail\" alt=\"\" loading=\"lazy\" srcset=\"https:\/\/i1.wp.com\/chocohause.ro\/wp-content\/uploads\/2021\/01\/ciocolata-alba-cu-petale-de-trandafiri-neagra-cu-capsuni-neofilizate.jpg?resize=247%2C296&amp;ssl=1 247w, https:\/\/i1.wp.com\/chocohause.ro\/wp-content\/uploads\/2021\/01\/ciocolata-alba-cu-petale-de-trandafiri-neagra-cu-capsuni-neofilizate.jpg?zoom=2&amp;resize=247%2C296&amp;ssl=1 494w, https:\/\/i1.wp.com\/chocohause.ro\/wp-content\/uploads\/2021\/01\/ciocolata-alba-cu-petale-de-trandafiri-neagra-cu-capsuni-neofilizate.jpg?zoom=3&amp;resize=247%2C296&amp;ssl=1 741w\" sizes=\"(max-width: 247px) 100vw, 247px\" \/>\t\t\t\t<\/a>\n\t\t\t<\/div>\n\t\t\t<div class=\"image-tools is-small top right show-on-hover\">\n\t\t\t\t\t\t\t<\/div>\n\t\t\t<div class=\"image-tools is-small hide-for-small bottom left show-on-hover\">\n\t\t\t\t\t\t\t<\/div>\n\t\t\t<div class=\"image-tools grid-tools text-center hide-for-small bottom hover-slide-in show-on-hover\">\n\t\t\t\t  <a class=\"quick-view\" data-prod=\"643\" href=\"#quick-view\">Quick View<\/a>\t\t\t<\/div>\n\t\t\t\t\t<\/div>\n\n\t\t<div class=\"box-text box-text-products text-center grid-style-2\">\n\t\t\t<div class=\"title-wrapper\"><\/div><div class=\"price-wrapper\"><\/div><div class=\"add-to-cart-button\"><a href=\"https:\/\/chocohause.ro\/hu\/product\/ciocolata-de-casa-alba-cu-petale-de-trandafiri-ciocolata-de-casa-cu-capsuni-liofilizate\/\" data-quantity=\"1\" class=\"primary is-small mb-0 button product_type_variable add_to_cart_button is-flat\" data-product_id=\"643\" data-product_sku=\"\" aria-label=\"V\u00e1lasszunk \u201cCiocolata de casa alba cu petale de trandafiri, ciocolata de casa cu capsuni liofilizate\u201d lehet\u0151s\u00e9gek k\u00f6z\u00fcl\" rel=\"nofollow\" data-no-translation=\"\" data-trp-gettext=\"\" data-no-translation-aria-label=\"\">Opci\u00f3k v\u00e1laszt\u00e1sa<\/a><\/div>\t\t<\/div>\n\t<\/div>\n\t\t<\/div>\n<\/div>\n\t            \n\t\t\t\t\t\n<div class=\"product-small col has-hover product type-product post-634 status-publish instock product_cat-premium-chocobox has-post-thumbnail taxable shipping-taxable purchasable product-type-variable has-default-attributes\">\n\t<div class=\"col-inner\">\n\t\n<div class=\"badge-container absolute left top z-1\">\n<\/div>\n\t<div class=\"product-small box\">\n\t\t<div class=\"box-image\">\n\t\t\t<div class=\"image-fade_in_back\">\n\t\t\t\t<a href=\"https:\/\/chocohause.ro\/hu\/product\/ciocolata-de-casa-alba-cu-merisoare-2\/\">\n\t\t\t\t\t<img width=\"247\" height=\"296\" src=\"https:\/\/i2.wp.com\/chocohause.ro\/wp-content\/uploads\/2021\/01\/alba-cu-merisoare.jpg?resize=247%2C296&amp;ssl=1\" class=\"attachment-woocommerce_thumbnail size-woocommerce_thumbnail\" alt=\"\" loading=\"lazy\" srcset=\"https:\/\/i2.wp.com\/chocohause.ro\/wp-content\/uploads\/2021\/01\/alba-cu-merisoare.jpg?resize=247%2C296&amp;ssl=1 247w, https:\/\/i2.wp.com\/chocohause.ro\/wp-content\/uploads\/2021\/01\/alba-cu-merisoare.jpg?zoom=2&amp;resize=247%2C296&amp;ssl=1 494w, https:\/\/i2.wp.com\/chocohause.ro\/wp-content\/uploads\/2021\/01\/alba-cu-merisoare.jpg?zoom=3&amp;resize=247%2C296&amp;ssl=1 741w\" sizes=\"(max-width: 247px) 100vw, 247px\" \/>\t\t\t\t<\/a>\n\t\t\t<\/div>\n\t\t\t<div class=\"image-tools is-small top right show-on-hover\">\n\t\t\t\t\t\t\t<\/div>\n\t\t\t<div class=\"image-tools is-small hide-for-small bottom left show-on-hover\">\n\t\t\t\t\t\t\t<\/div>\n\t\t\t<div class=\"image-tools grid-tools text-center hide-for-small bottom hover-slide-in show-on-hover\">\n\t\t\t\t  <a class=\"quick-view\" data-prod=\"634\" href=\"#quick-view\">Quick View<\/a>\t\t\t<\/div>\n\t\t\t\t\t<\/div>\n\n\t\t<div class=\"box-text box-text-products text-center grid-style-2\">\n\t\t\t<div class=\"title-wrapper\"><\/div><div class=\"price-wrapper\"><\/div><div class=\"add-to-cart-button\"><a href=\"https:\/\/chocohause.ro\/hu\/product\/ciocolata-de-casa-alba-cu-merisoare-2\/\" data-quantity=\"1\" class=\"primary is-small mb-0 button product_type_variable add_to_cart_button is-flat\" data-product_id=\"634\" data-product_sku=\"\" aria-label=\"V\u00e1lasszunk \u201cCiocolata de casa alba cu merisoare\u201d lehet\u0151s\u00e9gek k\u00f6z\u00fcl\" rel=\"nofollow\" data-no-translation=\"\" data-trp-gettext=\"\" data-no-translation-aria-label=\"\">Opci\u00f3k v\u00e1laszt\u00e1sa<\/a><\/div>\t\t<\/div>\n\t<\/div>\n\t\t<\/div>\n<\/div>\n\t            \n\t\t\t\t\t\n<div class=\"product-small col has-hover product type-product post-606 status-publish last instock product_cat-ciocolata-de-casa has-post-thumbnail taxable shipping-taxable purchasable product-type-variable\">\n\t<div class=\"col-inner\">\n\t\n<div class=\"badge-container absolute left top z-1\">\n<\/div>\n\t<div class=\"product-small box\">\n\t\t<div class=\"box-image\">\n\t\t\t<div class=\"image-fade_in_back\">\n\t\t\t\t<a href=\"https:\/\/chocohause.ro\/hu\/product\/ciocolata-de-casa-cu-merisoare\/\">\n\t\t\t\t\t<img width=\"247\" height=\"296\" src=\"https:\/\/i1.wp.com\/chocohause.ro\/wp-content\/uploads\/2021\/01\/merisoare.jpg?resize=247%2C296&amp;ssl=1\" class=\"attachment-woocommerce_thumbnail size-woocommerce_thumbnail\" alt=\"\" loading=\"lazy\" srcset=\"https:\/\/i1.wp.com\/chocohause.ro\/wp-content\/uploads\/2021\/01\/merisoare.jpg?resize=247%2C296&amp;ssl=1 247w, https:\/\/i1.wp.com\/chocohause.ro\/wp-content\/uploads\/2021\/01\/merisoare.jpg?zoom=2&amp;resize=247%2C296&amp;ssl=1 494w, https:\/\/i1.wp.com\/chocohause.ro\/wp-content\/uploads\/2021\/01\/merisoare.jpg?zoom=3&amp;resize=247%2C296&amp;ssl=1 741w\" sizes=\"(max-width: 247px) 100vw, 247px\" \/>\t\t\t\t<\/a>\n\t\t\t<\/div>\n\t\t\t<div class=\"image-tools is-small top right show-on-hover\">\n\t\t\t\t\t\t\t<\/div>\n\t\t\t<div class=\"image-tools is-small hide-for-small bottom left show-on-hover\">\n\t\t\t\t\t\t\t<\/div>\n\t\t\t<div class=\"image-tools grid-tools text-center hide-for-small bottom hover-slide-in show-on-hover\">\n\t\t\t\t  <a class=\"quick-view\" data-prod=\"606\" href=\"#quick-view\">Quick View<\/a>\t\t\t<\/div>\n\t\t\t\t\t<\/div>\n\n\t\t<div class=\"box-text box-text-products text-center grid-style-2\">\n\t\t\t<div class=\"title-wrapper\"><\/div><div class=\"price-wrapper\"><\/div><div class=\"add-to-cart-button\"><a href=\"https:\/\/chocohause.ro\/hu\/product\/ciocolata-de-casa-cu-merisoare\/\" data-quantity=\"1\" class=\"primary is-small mb-0 button product_type_variable add_to_cart_button is-flat\" data-product_id=\"606\" data-product_sku=\"\" aria-label=\"V\u00e1lasszunk \u201cCiocolata de casa cu merisoare\u201d lehet\u0151s\u00e9gek k\u00f6z\u00fcl\" rel=\"nofollow\" data-no-translation=\"\" data-trp-gettext=\"\" data-no-translation-aria-label=\"\">Opci\u00f3k v\u00e1laszt\u00e1sa<\/a><\/div>\t\t<\/div>\n\t<\/div>\n\t\t<\/div>\n<\/div>\n\t            \t        <\/div>","protected":false},"excerpt":{"rendered":"","protected":false},"author":1,"featured_media":0,"parent":0,"menu_order":0,"comment_status":"closed","ping_status":"closed","template":"page-cart.php","meta":{"spay_email":""},"yoast_head":"<!-- This site is optimized with the Yoast SEO plugin v15.8 - https:\/\/yoast.com\/wordpress\/plugins\/seo\/ -->\n<title>Cart - Chocohause<\/title>\n<meta name=\"robots\" content=\"index, follow, max-snippet:-1, max-image-preview:large, max-video-preview:-1\" \/>\n<link rel=\"canonical\" href=\"https:\/\/chocohause.ro\/hu\/cart\/\" \/>\n<meta property=\"og:locale\" content=\"hu_HU\" \/>\n<meta property=\"og:type\" content=\"article\" \/>\n<meta property=\"og:title\" content=\"Cart - Chocohause\" \/>\n<meta property=\"og:url\" content=\"https:\/\/chocohause.ro\/hu\/cart\/\" \/>\n<meta property=\"og:site_name\" content=\"Chocohause\" \/>\n<meta property=\"article:publisher\" content=\"https:\/\/www.facebook.com\/cchocohause\" \/>\n<meta property=\"article:modified_time\" content=\"2021-01-07T17:57:50+00:00\" \/>\n<meta property=\"og:image\" content=\"https:\/\/i1.wp.com\/chocohause.ro\/wp-content\/uploads\/2021\/02\/1000x1000-3x-choco.jpg?fit=500%2C500&#038;ssl=1\" \/>\n\t<meta property=\"og:image:width\" content=\"500\" \/>\n\t<meta property=\"og:image:height\" content=\"500\" \/>\n<meta name=\"twitter:card\" content=\"summary_large_image\" \/>\n<script type=\"application\/ld+json\" class=\"yoast-schema-graph\">{\"@context\":\"https:\/\/schema.org\",\"@graph\":[{\"@type\":\"WebSite\",\"@id\":\"https:\/\/chocohause.ro\/#website\",\"url\":\"https:\/\/chocohause.ro\/\",\"name\":\"Chocohause\",\"description\":\"Chocohause\",\"potentialAction\":[{\"@type\":\"SearchAction\",\"target\":\"https:\/\/chocohause.ro\/?s={search_term_string}\",\"query-input\":\"required name=search_term_string\"}],\"inLanguage\":\"hu\"},{\"@type\":\"WebPage\",\"@id\":\"https:\/\/chocohause.ro\/cart\/#webpage\",\"url\":\"https:\/\/chocohause.ro\/cart\/\",\"name\":\"Cart - Chocohause\",\"isPartOf\":{\"@id\":\"https:\/\/chocohause.ro\/#website\"},\"datePublished\":\"2020-12-18T07:13:13+00:00\",\"dateModified\":\"2021-01-07T17:57:50+00:00\",\"breadcrumb\":{\"@id\":\"https:\/\/chocohause.ro\/cart\/#breadcrumb\"},\"inLanguage\":\"hu\",\"potentialAction\":[{\"@type\":\"ReadAction\",\"target\":[\"https:\/\/chocohause.ro\/cart\/\"]}]},{\"@type\":\"BreadcrumbList\",\"@id\":\"https:\/\/chocohause.ro\/cart\/#breadcrumb\",\"itemListElement\":[{\"@type\":\"ListItem\",\"position\":1,\"item\":{\"@type\":\"WebPage\",\"@id\":\"https:\/\/chocohause.ro\/\",\"url\":\"https:\/\/chocohause.ro\/\",\"name\":\"Prima pagin\\u0103\"}},{\"@type\":\"ListItem\",\"position\":2,\"item\":{\"@type\":\"WebPage\",\"@id\":\"https:\/\/chocohause.ro\/cart\/\",\"url\":\"https:\/\/chocohause.ro\/cart\/\",\"name\":\"Cart\"}}]}]}<\/script>\n<!-- \/ Yoast SEO plugin. -->","_links":{"self":[{"href":"https:\/\/chocohause.ro\/hu\/wp-json\/wp\/v2\/pages\/484"}],"collection":[{"href":"https:\/\/chocohause.ro\/hu\/wp-json\/wp\/v2\/pages"}],"about":[{"href":"https:\/\/chocohause.ro\/hu\/wp-json\/wp\/v2\/types\/page"}],"author":[{"embeddable":true,"href":"https:\/\/chocohause.ro\/hu\/wp-json\/wp\/v2\/users\/1"}],"replies":[{"embeddable":true,"href":"https:\/\/chocohause.ro\/hu\/wp-json\/wp\/v2\/comments?post=484"}],"version-history":[{"count":5,"href":"https:\/\/chocohause.ro\/hu\/wp-json\/wp\/v2\/pages\/484\/revisions"}],"predecessor-version":[{"id":660,"href":"https:\/\/chocohause.ro\/hu\/wp-json\/wp\/v2\/pages\/484\/revisions\/660"}],"wp:attachment":[{"href":"https:\/\/chocohause.ro\/hu\/wp-json\/wp\/v2\/media?parent=484"}],"curies":[{"name":"wp","href":"https:\/\/api.w.org\/{rel}","templated":true}]}}