{"id":591,"date":"2021-01-06T19:44:30","date_gmt":"2021-01-06T17:44:30","guid":{"rendered":"https:\/\/chocohause.ro\/?post_type=product&#038;p=591"},"modified":"2021-01-07T21:05:14","modified_gmt":"2021-01-07T19:05:14","slug":"bilute-de-ciocolata","status":"publish","type":"product","link":"https:\/\/chocohause.ro\/hu\/product\/bilute-de-ciocolata\/","title":{"rendered":"K\u00f3kuszos csokol\u00e1d\u00e9 goly\u00f3k"},"content":{"rendered":"<p>A Chocohause  hagyom\u00e1nyos \u00e9s egyedi k\u00fcl\u00f6nlegess\u00e9gek sz\u00e9les v\u00e1laszt\u00e9k\u00e1t k\u00edn\u00e1lja. Minden term\u00e9k\u00fcnk k\u00e9zzel k\u00e9sz\u00fcl, a legjobb min\u0151s\u00e9g\u0171 alapanyagokb\u00f3l. S\u00fctem\u00e9nyeink finomak, k\u00e9zzel k\u00e9sz\u00edtettek magas min\u0151s\u00e9g\u0171 alapanyagokb\u00f3l, hagyom\u00e1nyos eredeti receptek szerint.<\/p>\n<p><strong>\u00d6sszetev\u0151k: tejpor, cukor, kaka\u00f3, vaj, rumaroma, k\u00f3kuszdi\u00f3, (cseresznye). Nyomokban toj\u00e1st, lisztet tartalmazhat.<\/strong><\/p>","protected":false},"excerpt":{"rendered":"<p>Chocohause ofera o gama larga de specialitati traditionale si surprinzatoare. Fiecare dintre produsele noastre este creat manual din ingrediente de cea mai inalta calitate. Prajiturile noastre sunt delicioase, realizate manual din ingrediente de cea mai inalta calitate, dupa retete originale traditionale. Ingrediente: lapte praf, zahar, cacao, unt, aroma de rom, nuca de cocos, (visine). Poate [&#8230;]","protected":false},"featured_media":593,"comment_status":"open","ping_status":"closed","template":"","meta":{"spay_email":""},"yoast_head":"<!-- This site is optimized with the Yoast SEO plugin v15.8 - https:\/\/yoast.com\/wordpress\/plugins\/seo\/ -->\n<title>Bilute de ciocolata - Chocohause<\/title>\n<meta name=\"robots\" content=\"index, follow, max-snippet:-1, max-image-preview:large, max-video-preview:-1\" \/>\n<link rel=\"canonical\" href=\"https:\/\/chocohause.ro\/hu\/termek\/bilute-de-ciocolata\/\" \/>\n<meta property=\"og:locale\" content=\"hu_HU\" \/>\n<meta property=\"og:type\" content=\"article\" \/>\n<meta property=\"og:title\" content=\"Bilute de ciocolata - Chocohause\" \/>\n<meta property=\"og:description\" content=\"Chocohause ofera o gama larga de specialitati traditionale si surprinzatoare. Fiecare dintre produsele noastre este creat manual din ingrediente de cea mai inalta calitate. Prajiturile noastre sunt delicioase, realizate manual din ingrediente de cea mai inalta calitate, dupa retete originale traditionale. Ingrediente: lapte praf, zahar, cacao, unt, aroma de rom, nuca de cocos, (visine). Poate [...]\" \/>\n<meta property=\"og:url\" content=\"https:\/\/chocohause.ro\/hu\/termek\/bilute-de-ciocolata\/\" \/>\n<meta property=\"og:site_name\" content=\"Chocohause\" \/>\n<meta property=\"article:publisher\" content=\"https:\/\/www.facebook.com\/cchocohause\" \/>\n<meta property=\"article:modified_time\" content=\"2021-01-07T19:05:14+00:00\" \/>\n<meta property=\"og:image\" content=\"https:\/\/i2.wp.com\/chocohause.ro\/wp-content\/uploads\/2021\/01\/bila-2.jpg?fit=1000%2C1000&#038;ssl=1\" \/>\n\t<meta property=\"og:image:width\" content=\"1000\" \/>\n\t<meta property=\"og:image:height\" content=\"1000\" \/>\n<meta name=\"twitter:card\" content=\"summary_large_image\" \/>\n<script type=\"application\/ld+json\" class=\"yoast-schema-graph\">{\"@context\":\"https:\/\/schema.org\",\"@graph\":[{\"@type\":\"WebSite\",\"@id\":\"https:\/\/chocohause.ro\/#website\",\"url\":\"https:\/\/chocohause.ro\/\",\"name\":\"Chocohause\",\"description\":\"Chocohause\",\"potentialAction\":[{\"@type\":\"SearchAction\",\"target\":\"https:\/\/chocohause.ro\/?s={search_term_string}\",\"query-input\":\"required name=search_term_string\"}],\"inLanguage\":\"hu\"},{\"@type\":\"ImageObject\",\"@id\":\"https:\/\/chocohause.ro\/product\/bilute-de-ciocolata\/#primaryimage\",\"inLanguage\":\"hu\",\"url\":\"https:\/\/i2.wp.com\/chocohause.ro\/wp-content\/uploads\/2021\/01\/bila-2.jpg?fit=1000%2C1000&ssl=1\",\"width\":1000,\"height\":1000},{\"@type\":\"WebPage\",\"@id\":\"https:\/\/chocohause.ro\/product\/bilute-de-ciocolata\/#webpage\",\"url\":\"https:\/\/chocohause.ro\/product\/bilute-de-ciocolata\/\",\"name\":\"Bilute de ciocolata - Chocohause\",\"isPartOf\":{\"@id\":\"https:\/\/chocohause.ro\/#website\"},\"primaryImageOfPage\":{\"@id\":\"https:\/\/chocohause.ro\/product\/bilute-de-ciocolata\/#primaryimage\"},\"datePublished\":\"2021-01-06T17:44:30+00:00\",\"dateModified\":\"2021-01-07T19:05:14+00:00\",\"breadcrumb\":{\"@id\":\"https:\/\/chocohause.ro\/product\/bilute-de-ciocolata\/#breadcrumb\"},\"inLanguage\":\"hu\",\"potentialAction\":[{\"@type\":\"ReadAction\",\"target\":[\"https:\/\/chocohause.ro\/product\/bilute-de-ciocolata\/\"]}]},{\"@type\":\"BreadcrumbList\",\"@id\":\"https:\/\/chocohause.ro\/product\/bilute-de-ciocolata\/#breadcrumb\",\"itemListElement\":[{\"@type\":\"ListItem\",\"position\":1,\"item\":{\"@type\":\"WebPage\",\"@id\":\"https:\/\/chocohause.ro\/\",\"url\":\"https:\/\/chocohause.ro\/\",\"name\":\"Prima pagin\\u0103\"}},{\"@type\":\"ListItem\",\"position\":2,\"item\":{\"@type\":\"WebPage\",\"@id\":\"https:\/\/chocohause.ro\/shop\/\",\"url\":\"https:\/\/chocohause.ro\/shop\/\",\"name\":\"Shop\"}},{\"@type\":\"ListItem\",\"position\":3,\"item\":{\"@type\":\"WebPage\",\"@id\":\"https:\/\/chocohause.ro\/product\/bilute-de-ciocolata\/\",\"url\":\"https:\/\/chocohause.ro\/product\/bilute-de-ciocolata\/\",\"name\":\"Bilute de ciocolata\"}}]}]}<\/script>\n<!-- \/ Yoast SEO plugin. -->","_links":{"self":[{"href":"https:\/\/chocohause.ro\/hu\/wp-json\/wp\/v2\/product\/591"}],"collection":[{"href":"https:\/\/chocohause.ro\/hu\/wp-json\/wp\/v2\/product"}],"about":[{"href":"https:\/\/chocohause.ro\/hu\/wp-json\/wp\/v2\/types\/product"}],"replies":[{"embeddable":true,"href":"https:\/\/chocohause.ro\/hu\/wp-json\/wp\/v2\/comments?post=591"}],"wp:featuredmedia":[{"embeddable":true,"href":"https:\/\/chocohause.ro\/hu\/wp-json\/wp\/v2\/media\/593"}],"wp:attachment":[{"href":"https:\/\/chocohause.ro\/hu\/wp-json\/wp\/v2\/media?parent=591"}],"curies":[{"name":"wp","href":"https:\/\/api.w.org\/{rel}","templated":true}]}}