{"id":607,"date":"2021-01-06T20:21:22","date_gmt":"2021-01-06T18:21:22","guid":{"rendered":"https:\/\/chocohause.ro\/?post_type=product&#038;p=607"},"modified":"2021-01-07T20:40:50","modified_gmt":"2021-01-07T18:40:50","slug":"ciocolata-de-casa-cu-nuci","status":"publish","type":"product","link":"https:\/\/chocohause.ro\/hu\/product\/ciocolata-de-casa-cu-nuci\/","title":{"rendered":"H\u00e1zi csokol\u00e1d\u00e9 di\u00f3val"},"content":{"rendered":"<p>H\u00e1zi k\u00e9sz\u00edt\u00e9s\u0171 csokol\u00e1d\u00e9 \u00e9s feh\u00e9r h\u00e1zi k\u00e9sz\u00edt\u00e9s\u0171 csokol\u00e1d\u00e9 k\u00fcl\u00f6nf\u00e9le felt\u00e9tekkel, gyermekkorunk eml\u00e9keivel, l\u00e1gy \u00e9s egyedi \u00edzekkel. A vaj receptjeink f\u0151 \u00f6sszetev\u0151je. Nem haszn\u00e1lunk \u00e9des\u00edt\u0151szereket, mesters\u00e9ges arom\u00e1kat.<\/p>\n<p><strong>Tartalmaz: kaka\u00f3t, tejport, vajat, kaka\u00f3vajat, di\u00f3t, cukrot (vagy eritritet).<\/strong><\/p>","protected":false},"excerpt":{"rendered":"<p>Ciocolata de casa si ciocolata de casa alba cu diverse sortimente, cu gustul copilariei, moale, gustoasa si aromata. Untul este ingredientul principal din retetele noastre. Nu folosim indulcitori, arome artificiale. Contine: cacao, lapte praf, unt, unt de cacao, zahar (sau eritrit), nuca.<\/p>","protected":false},"featured_media":613,"comment_status":"open","ping_status":"closed","template":"","meta":{"spay_email":""},"yoast_head":"<!-- This site is optimized with the Yoast SEO plugin v15.8 - https:\/\/yoast.com\/wordpress\/plugins\/seo\/ -->\n<title>Ciocolata de casa cu nuci - Chocohause<\/title>\n<meta name=\"robots\" content=\"index, follow, max-snippet:-1, max-image-preview:large, max-video-preview:-1\" \/>\n<link rel=\"canonical\" href=\"https:\/\/chocohause.ro\/hu\/termek\/ciocolata-de-casa-cu-nuci\/\" \/>\n<meta property=\"og:locale\" content=\"hu_HU\" \/>\n<meta property=\"og:type\" content=\"article\" \/>\n<meta property=\"og:title\" content=\"Ciocolata de casa cu nuci - Chocohause\" \/>\n<meta property=\"og:description\" content=\"Ciocolata de casa si ciocolata de casa alba cu diverse sortimente, cu gustul copilariei, moale, gustoasa si aromata. Untul este ingredientul principal din retetele noastre. Nu folosim indulcitori, arome artificiale. Contine: cacao, lapte praf, unt, unt de cacao, zahar (sau eritrit), nuca.\" \/>\n<meta property=\"og:url\" content=\"https:\/\/chocohause.ro\/hu\/termek\/ciocolata-de-casa-cu-nuci\/\" \/>\n<meta property=\"og:site_name\" content=\"Chocohause\" \/>\n<meta property=\"article:publisher\" content=\"https:\/\/www.facebook.com\/cchocohause\" \/>\n<meta property=\"article:modified_time\" content=\"2021-01-07T18:40:50+00:00\" \/>\n<meta property=\"og:image\" content=\"https:\/\/i2.wp.com\/chocohause.ro\/wp-content\/uploads\/2021\/01\/nuci-1.jpg?fit=1000%2C1000&#038;ssl=1\" \/>\n\t<meta property=\"og:image:width\" content=\"1000\" \/>\n\t<meta property=\"og:image:height\" content=\"1000\" \/>\n<meta name=\"twitter:card\" content=\"summary_large_image\" \/>\n<script type=\"application\/ld+json\" class=\"yoast-schema-graph\">{\"@context\":\"https:\/\/schema.org\",\"@graph\":[{\"@type\":\"WebSite\",\"@id\":\"https:\/\/chocohause.ro\/#website\",\"url\":\"https:\/\/chocohause.ro\/\",\"name\":\"Chocohause\",\"description\":\"Chocohause\",\"potentialAction\":[{\"@type\":\"SearchAction\",\"target\":\"https:\/\/chocohause.ro\/?s={search_term_string}\",\"query-input\":\"required name=search_term_string\"}],\"inLanguage\":\"hu\"},{\"@type\":\"ImageObject\",\"@id\":\"https:\/\/chocohause.ro\/product\/ciocolata-de-casa-cu-nuci\/#primaryimage\",\"inLanguage\":\"hu\",\"url\":\"https:\/\/i2.wp.com\/chocohause.ro\/wp-content\/uploads\/2021\/01\/nuci-1.jpg?fit=1000%2C1000&ssl=1\",\"width\":1000,\"height\":1000},{\"@type\":\"WebPage\",\"@id\":\"https:\/\/chocohause.ro\/product\/ciocolata-de-casa-cu-nuci\/#webpage\",\"url\":\"https:\/\/chocohause.ro\/product\/ciocolata-de-casa-cu-nuci\/\",\"name\":\"Ciocolata de casa cu nuci - Chocohause\",\"isPartOf\":{\"@id\":\"https:\/\/chocohause.ro\/#website\"},\"primaryImageOfPage\":{\"@id\":\"https:\/\/chocohause.ro\/product\/ciocolata-de-casa-cu-nuci\/#primaryimage\"},\"datePublished\":\"2021-01-06T18:21:22+00:00\",\"dateModified\":\"2021-01-07T18:40:50+00:00\",\"breadcrumb\":{\"@id\":\"https:\/\/chocohause.ro\/product\/ciocolata-de-casa-cu-nuci\/#breadcrumb\"},\"inLanguage\":\"hu\",\"potentialAction\":[{\"@type\":\"ReadAction\",\"target\":[\"https:\/\/chocohause.ro\/product\/ciocolata-de-casa-cu-nuci\/\"]}]},{\"@type\":\"BreadcrumbList\",\"@id\":\"https:\/\/chocohause.ro\/product\/ciocolata-de-casa-cu-nuci\/#breadcrumb\",\"itemListElement\":[{\"@type\":\"ListItem\",\"position\":1,\"item\":{\"@type\":\"WebPage\",\"@id\":\"https:\/\/chocohause.ro\/\",\"url\":\"https:\/\/chocohause.ro\/\",\"name\":\"Prima pagin\\u0103\"}},{\"@type\":\"ListItem\",\"position\":2,\"item\":{\"@type\":\"WebPage\",\"@id\":\"https:\/\/chocohause.ro\/shop\/\",\"url\":\"https:\/\/chocohause.ro\/shop\/\",\"name\":\"Shop\"}},{\"@type\":\"ListItem\",\"position\":3,\"item\":{\"@type\":\"WebPage\",\"@id\":\"https:\/\/chocohause.ro\/product\/ciocolata-de-casa-cu-nuci\/\",\"url\":\"https:\/\/chocohause.ro\/product\/ciocolata-de-casa-cu-nuci\/\",\"name\":\"Ciocolata de casa cu nuci\"}}]}]}<\/script>\n<!-- \/ Yoast SEO plugin. -->","_links":{"self":[{"href":"https:\/\/chocohause.ro\/hu\/wp-json\/wp\/v2\/product\/607"}],"collection":[{"href":"https:\/\/chocohause.ro\/hu\/wp-json\/wp\/v2\/product"}],"about":[{"href":"https:\/\/chocohause.ro\/hu\/wp-json\/wp\/v2\/types\/product"}],"replies":[{"embeddable":true,"href":"https:\/\/chocohause.ro\/hu\/wp-json\/wp\/v2\/comments?post=607"}],"wp:featuredmedia":[{"embeddable":true,"href":"https:\/\/chocohause.ro\/hu\/wp-json\/wp\/v2\/media\/613"}],"wp:attachment":[{"href":"https:\/\/chocohause.ro\/hu\/wp-json\/wp\/v2\/media?parent=607"}],"curies":[{"name":"wp","href":"https:\/\/api.w.org\/{rel}","templated":true}]}}