{"id":640,"date":"2021-01-06T21:21:03","date_gmt":"2021-01-06T19:21:03","guid":{"rendered":"https:\/\/chocohause.ro\/?post_type=product&#038;p=640"},"modified":"2021-01-14T10:27:36","modified_gmt":"2021-01-14T08:27:36","slug":"ciocolata-de-casa-ciocolata-de-casa-cu-cocos","status":"publish","type":"product","link":"https:\/\/chocohause.ro\/hu\/product\/ciocolata-de-casa-ciocolata-de-casa-cu-cocos\/","title":{"rendered":"Sima h\u00e1zi csokol\u00e1d\u00e9, h\u00e1zi csokol\u00e1d\u00e9 k\u00f3kuszdi\u00f3val"},"content":{"rendered":"<p>Szem\u00e9lyes ig\u00e9nyek alapj\u00e1n k\u00fcl\u00f6nf\u00e9le v\u00e1laszt\u00e9kokkal rendelhet: feh\u00e9r vagy hagyom\u00e1nyos h\u00e1zi csokol\u00e1d\u00e9 k\u00f3kuszdi\u00f3val, di\u00f3val, eperrel, liofiliz\u00e1lt gy\u00fcm\u00f6lcs\u00f6kkel, Oreo, chili, levendula, \u00e1fonya, mogyor\u00f3, fah\u00e9j, r\u00f3zsaszirom kombin\u00e1ci\u00f3j\u00e1val.<\/p>\n<p>H\u00e1zi k\u00e9sz\u00edt\u00e9s\u0171 csokol\u00e1d\u00e9 \u00e9s feh\u00e9r h\u00e1zi k\u00e9sz\u00edt\u00e9s\u0171 csokol\u00e1d\u00e9 k\u00fcl\u00f6nf\u00e9le felt\u00e9tekkel, gyermekkorunk eml\u00e9keivel, l\u00e1gy \u00e9s egyedi \u00edzekkel. A vaj receptjeink f\u0151 \u00f6sszetev\u0151je. Nem haszn\u00e1lunk \u00e9des\u00edt\u0151szereket, mesters\u00e9ges arom\u00e1kat.<\/p>\n<p><strong>Tartalmaz: tejpor, vaj, kaka\u00f3vaj, cukor (vagy eritrit), kaka\u00f3, k\u00f3kuszdi\u00f3.<\/strong><\/p>","protected":false},"excerpt":{"rendered":"<p>La comanda se poate cere cu diverse sortimente: ciocolata alba sau neagra cu cocos, nuca, capsuni, fructe liofilizate, Oreo, chilli, lavanda, merisoare, alune de padure, scortisoara, petale de trandafiri. Ciocolata de casa si ciocolata de casa alba cu diverse sortimente, cu gustul copilariei, moale, gustoasa si aromata. Untul este ingredientul principal din retetele noastre. Nu [&#8230;]","protected":false},"featured_media":628,"comment_status":"open","ping_status":"closed","template":"","meta":{"spay_email":""},"yoast_head":"<!-- This site is optimized with the Yoast SEO plugin v15.8 - https:\/\/yoast.com\/wordpress\/plugins\/seo\/ -->\n<title>Ciocolata de casa, ciocolata de casa cu cocos - Chocohause<\/title>\n<meta name=\"robots\" content=\"index, follow, max-snippet:-1, max-image-preview:large, max-video-preview:-1\" \/>\n<link rel=\"canonical\" href=\"https:\/\/chocohause.ro\/hu\/termek\/ciocolata-de-casa-ciocolata-de-casa-cu-cocos\/\" \/>\n<meta property=\"og:locale\" content=\"hu_HU\" \/>\n<meta property=\"og:type\" content=\"article\" \/>\n<meta property=\"og:title\" content=\"Ciocolata de casa, ciocolata de casa cu cocos - Chocohause\" \/>\n<meta property=\"og:description\" content=\"La comanda se poate cere cu diverse sortimente: ciocolata alba sau neagra cu cocos, nuca, capsuni, fructe liofilizate, Oreo, chilli, lavanda, merisoare, alune de padure, scortisoara, petale de trandafiri. Ciocolata de casa si ciocolata de casa alba cu diverse sortimente, cu gustul copilariei, moale, gustoasa si aromata. Untul este ingredientul principal din retetele noastre. Nu [...]\" \/>\n<meta property=\"og:url\" content=\"https:\/\/chocohause.ro\/hu\/termek\/ciocolata-de-casa-ciocolata-de-casa-cu-cocos\/\" \/>\n<meta property=\"og:site_name\" content=\"Chocohause\" \/>\n<meta property=\"article:publisher\" content=\"https:\/\/www.facebook.com\/cchocohause\" \/>\n<meta property=\"article:modified_time\" content=\"2021-01-14T08:27:36+00:00\" \/>\n<meta property=\"og:image\" content=\"https:\/\/i2.wp.com\/chocohause.ro\/wp-content\/uploads\/2021\/01\/ciocolata-si-cocos.jpg?fit=1000%2C1000&#038;ssl=1\" \/>\n\t<meta property=\"og:image:width\" content=\"1000\" \/>\n\t<meta property=\"og:image:height\" content=\"1000\" \/>\n<meta name=\"twitter:card\" content=\"summary_large_image\" \/>\n<script type=\"application\/ld+json\" class=\"yoast-schema-graph\">{\"@context\":\"https:\/\/schema.org\",\"@graph\":[{\"@type\":\"WebSite\",\"@id\":\"https:\/\/chocohause.ro\/#website\",\"url\":\"https:\/\/chocohause.ro\/\",\"name\":\"Chocohause\",\"description\":\"Chocohause\",\"potentialAction\":[{\"@type\":\"SearchAction\",\"target\":\"https:\/\/chocohause.ro\/?s={search_term_string}\",\"query-input\":\"required name=search_term_string\"}],\"inLanguage\":\"hu\"},{\"@type\":\"ImageObject\",\"@id\":\"https:\/\/chocohause.ro\/product\/ciocolata-de-casa-ciocolata-de-casa-cu-cocos\/#primaryimage\",\"inLanguage\":\"hu\",\"url\":\"https:\/\/i2.wp.com\/chocohause.ro\/wp-content\/uploads\/2021\/01\/ciocolata-si-cocos.jpg?fit=1000%2C1000&ssl=1\",\"width\":1000,\"height\":1000},{\"@type\":\"WebPage\",\"@id\":\"https:\/\/chocohause.ro\/product\/ciocolata-de-casa-ciocolata-de-casa-cu-cocos\/#webpage\",\"url\":\"https:\/\/chocohause.ro\/product\/ciocolata-de-casa-ciocolata-de-casa-cu-cocos\/\",\"name\":\"Ciocolata de casa, ciocolata de casa cu cocos - Chocohause\",\"isPartOf\":{\"@id\":\"https:\/\/chocohause.ro\/#website\"},\"primaryImageOfPage\":{\"@id\":\"https:\/\/chocohause.ro\/product\/ciocolata-de-casa-ciocolata-de-casa-cu-cocos\/#primaryimage\"},\"datePublished\":\"2021-01-06T19:21:03+00:00\",\"dateModified\":\"2021-01-14T08:27:36+00:00\",\"breadcrumb\":{\"@id\":\"https:\/\/chocohause.ro\/product\/ciocolata-de-casa-ciocolata-de-casa-cu-cocos\/#breadcrumb\"},\"inLanguage\":\"hu\",\"potentialAction\":[{\"@type\":\"ReadAction\",\"target\":[\"https:\/\/chocohause.ro\/product\/ciocolata-de-casa-ciocolata-de-casa-cu-cocos\/\"]}]},{\"@type\":\"BreadcrumbList\",\"@id\":\"https:\/\/chocohause.ro\/product\/ciocolata-de-casa-ciocolata-de-casa-cu-cocos\/#breadcrumb\",\"itemListElement\":[{\"@type\":\"ListItem\",\"position\":1,\"item\":{\"@type\":\"WebPage\",\"@id\":\"https:\/\/chocohause.ro\/\",\"url\":\"https:\/\/chocohause.ro\/\",\"name\":\"Prima pagin\\u0103\"}},{\"@type\":\"ListItem\",\"position\":2,\"item\":{\"@type\":\"WebPage\",\"@id\":\"https:\/\/chocohause.ro\/shop\/\",\"url\":\"https:\/\/chocohause.ro\/shop\/\",\"name\":\"Shop\"}},{\"@type\":\"ListItem\",\"position\":3,\"item\":{\"@type\":\"WebPage\",\"@id\":\"https:\/\/chocohause.ro\/product\/ciocolata-de-casa-ciocolata-de-casa-cu-cocos\/\",\"url\":\"https:\/\/chocohause.ro\/product\/ciocolata-de-casa-ciocolata-de-casa-cu-cocos\/\",\"name\":\"Ciocolata de casa, ciocolata de casa cu cocos\"}}]}]}<\/script>\n<!-- \/ Yoast SEO plugin. -->","_links":{"self":[{"href":"https:\/\/chocohause.ro\/hu\/wp-json\/wp\/v2\/product\/640"}],"collection":[{"href":"https:\/\/chocohause.ro\/hu\/wp-json\/wp\/v2\/product"}],"about":[{"href":"https:\/\/chocohause.ro\/hu\/wp-json\/wp\/v2\/types\/product"}],"replies":[{"embeddable":true,"href":"https:\/\/chocohause.ro\/hu\/wp-json\/wp\/v2\/comments?post=640"}],"wp:featuredmedia":[{"embeddable":true,"href":"https:\/\/chocohause.ro\/hu\/wp-json\/wp\/v2\/media\/628"}],"wp:attachment":[{"href":"https:\/\/chocohause.ro\/hu\/wp-json\/wp\/v2\/media?parent=640"}],"curies":[{"name":"wp","href":"https:\/\/api.w.org\/{rel}","templated":true}]}}